{"id":1060,"date":"2015-06-01T11:28:07","date_gmt":"2015-06-01T11:28:07","guid":{"rendered":"http:\/\/www.szikorarendezoiroda.hu\/szikora\/?page_id=1060"},"modified":"2018-08-05T05:51:04","modified_gmt":"2018-08-05T05:51:04","slug":"oszvald-marika","status":"publish","type":"page","link":"http:\/\/www.szikorarendezoiroda.hu\/szikora\/operett\/oszvald-marika\/","title":{"rendered":"OSZVALD MARIKA"},"content":{"rendered":"<p>&nbsp;<\/p>\n<p><span style=\"font-family: Georgia,Palatino; font-size: 12pt;\">Igazi t\u0171zr\u0151lpattant szubrett-primadonna, aki \u00e9nekel, t\u00e1ncol, cig\u00e1nykerekezik, aki szerepei megform\u00e1l\u00e1s\u00e1n\u00e1l a humort sem n\u00e9lk\u00fcl\u00f6zi. R\u00e9gi, kedves partner\u00e9vel Csere L\u00e1szl\u00f3val fantasztikus m\u0171sort adnak. Oszvald Marika m\u0171sora megrendelhet\u0151 a Szikora Rendez\u0151irod\u00e1n\u00e1l.<\/span><\/p>\n<p><iframe loading=\"lazy\" width=\"800\" height=\"600\" src=\"https:\/\/www.youtube.com\/embed\/2qdACNj_W00?feature=oembed\" frameborder=\"0\" allowfullscreen><\/iframe><\/p>\n","protected":false},"excerpt":{"rendered":"<p>&nbsp; Igazi t\u0171zr\u0151lpattant szubrett-primadonna, aki \u00e9nekel, t\u00e1ncol, cig\u00e1nykerekezik, aki szerepei megform\u00e1l\u00e1s\u00e1n\u00e1l a humort sem n\u00e9lk\u00fcl\u00f6zi. R\u00e9gi, kedves partner\u00e9vel Csere L\u00e1szl\u00f3val fantasztikus m\u0171sort adnak. Oszvald Marika m\u0171sora megrendelhet\u0151 a Szikora Rendez\u0151irod\u00e1n\u00e1l.<\/p>\n","protected":false},"author":1,"featured_media":1061,"parent":29,"menu_order":0,"comment_status":"open","ping_status":"open","template":"","meta":{"footnotes":""},"aioseo_notices":[],"_links":{"self":[{"href":"http:\/\/www.szikorarendezoiroda.hu\/szikora\/wp-json\/wp\/v2\/pages\/1060"}],"collection":[{"href":"http:\/\/www.szikorarendezoiroda.hu\/szikora\/wp-json\/wp\/v2\/pages"}],"about":[{"href":"http:\/\/www.szikorarendezoiroda.hu\/szikora\/wp-json\/wp\/v2\/types\/page"}],"author":[{"embeddable":true,"href":"http:\/\/www.szikorarendezoiroda.hu\/szikora\/wp-json\/wp\/v2\/users\/1"}],"replies":[{"embeddable":true,"href":"http:\/\/www.szikorarendezoiroda.hu\/szikora\/wp-json\/wp\/v2\/comments?post=1060"}],"version-history":[{"count":3,"href":"http:\/\/www.szikorarendezoiroda.hu\/szikora\/wp-json\/wp\/v2\/pages\/1060\/revisions"}],"predecessor-version":[{"id":3064,"href":"http:\/\/www.szikorarendezoiroda.hu\/szikora\/wp-json\/wp\/v2\/pages\/1060\/revisions\/3064"}],"up":[{"embeddable":true,"href":"http:\/\/www.szikorarendezoiroda.hu\/szikora\/wp-json\/wp\/v2\/pages\/29"}],"wp:featuredmedia":[{"embeddable":true,"href":"http:\/\/www.szikorarendezoiroda.hu\/szikora\/wp-json\/wp\/v2\/media\/1061"}],"wp:attachment":[{"href":"http:\/\/www.szikorarendezoiroda.hu\/szikora\/wp-json\/wp\/v2\/media?parent=1060"}],"curies":[{"name":"wp","href":"https:\/\/api.w.org\/{rel}","templated":true}]}}