{"id":1049,"date":"2015-06-01T11:22:46","date_gmt":"2015-06-01T11:22:46","guid":{"rendered":"http:\/\/www.szikorarendezoiroda.hu\/szikora\/?page_id=1049"},"modified":"2018-08-05T05:49:12","modified_gmt":"2018-08-05T05:49:12","slug":"kalocsai-zsuzsa","status":"publish","type":"page","link":"http:\/\/www.szikorarendezoiroda.hu\/szikora\/operett\/kalocsai-zsuzsa\/","title":{"rendered":"KALOCSAI ZSUZSA"},"content":{"rendered":"<p>&nbsp;<\/p>\n<p><span style=\"font-family: Georgia,Palatino; font-size: 12pt;\">Az Operettsz\u00ednh\u00e1z primadonn\u00e1ja, igazi \u201ekir\u00e1lyn\u0151i\u201d l\u00e1tv\u00e1ny a sz\u00ednpadon egy csod\u00e1latos hanggal meg\u00e1ldva. \u00d3ri\u00e1si sikereket \u00e9rt el nemcsak Eur\u00f3pa operettet kedvel\u0151 k\u00f6z\u00f6ns\u00e9ge el\u0151tt, de megh\u00f3d\u00edtotta a jap\u00e1nok sz\u00edv\u00e9t is.<\/span><\/p>\n<p><iframe loading=\"lazy\" width=\"800\" height=\"450\" src=\"https:\/\/www.youtube.com\/embed\/fJJmd98TBeg?feature=oembed\" frameborder=\"0\" allowfullscreen><\/iframe><\/p>\n","protected":false},"excerpt":{"rendered":"<p>&nbsp; Az Operettsz\u00ednh\u00e1z primadonn\u00e1ja, igazi \u201ekir\u00e1lyn\u0151i\u201d l\u00e1tv\u00e1ny a sz\u00ednpadon egy csod\u00e1latos hanggal meg\u00e1ldva. \u00d3ri\u00e1si sikereket \u00e9rt el nemcsak Eur\u00f3pa operettet kedvel\u0151 k\u00f6z\u00f6ns\u00e9ge el\u0151tt, de megh\u00f3d\u00edtotta a jap\u00e1nok sz\u00edv\u00e9t is.<\/p>\n","protected":false},"author":1,"featured_media":3060,"parent":29,"menu_order":0,"comment_status":"open","ping_status":"open","template":"","meta":{"footnotes":""},"aioseo_notices":[],"_links":{"self":[{"href":"http:\/\/www.szikorarendezoiroda.hu\/szikora\/wp-json\/wp\/v2\/pages\/1049"}],"collection":[{"href":"http:\/\/www.szikorarendezoiroda.hu\/szikora\/wp-json\/wp\/v2\/pages"}],"about":[{"href":"http:\/\/www.szikorarendezoiroda.hu\/szikora\/wp-json\/wp\/v2\/types\/page"}],"author":[{"embeddable":true,"href":"http:\/\/www.szikorarendezoiroda.hu\/szikora\/wp-json\/wp\/v2\/users\/1"}],"replies":[{"embeddable":true,"href":"http:\/\/www.szikorarendezoiroda.hu\/szikora\/wp-json\/wp\/v2\/comments?post=1049"}],"version-history":[{"count":3,"href":"http:\/\/www.szikorarendezoiroda.hu\/szikora\/wp-json\/wp\/v2\/pages\/1049\/revisions"}],"predecessor-version":[{"id":3061,"href":"http:\/\/www.szikorarendezoiroda.hu\/szikora\/wp-json\/wp\/v2\/pages\/1049\/revisions\/3061"}],"up":[{"embeddable":true,"href":"http:\/\/www.szikorarendezoiroda.hu\/szikora\/wp-json\/wp\/v2\/pages\/29"}],"wp:featuredmedia":[{"embeddable":true,"href":"http:\/\/www.szikorarendezoiroda.hu\/szikora\/wp-json\/wp\/v2\/media\/3060"}],"wp:attachment":[{"href":"http:\/\/www.szikorarendezoiroda.hu\/szikora\/wp-json\/wp\/v2\/media?parent=1049"}],"curies":[{"name":"wp","href":"https:\/\/api.w.org\/{rel}","templated":true}]}}