{"id":1046,"date":"2015-06-01T11:21:18","date_gmt":"2015-06-01T11:21:18","guid":{"rendered":"http:\/\/www.szikorarendezoiroda.hu\/szikora\/?page_id=1046"},"modified":"2018-08-05T05:47:20","modified_gmt":"2018-08-05T05:47:20","slug":"kallay-bori","status":"publish","type":"page","link":"http:\/\/www.szikorarendezoiroda.hu\/szikora\/operett\/kallay-bori\/","title":{"rendered":"K\u00c1LLAY BORI"},"content":{"rendered":"<p>&nbsp;<\/p>\n<p><span style=\"font-family: Georgia,Palatino; font-size: 12pt;\">Remek t\u00e1nc \u00e9s \u00e9nektud\u00e1s\u00fa sz\u00edn\u00e9szn\u0151. A kezdeti szubrett szerepekr\u0151l m\u00e1ra \u00e1tt\u00e9rt a primadonna szerepk\u00f6rre. F\u00e9rj\u00e9vel Vitray Tam\u00e1ssal \u00e9s l\u00e1ny\u00e1val Fony\u00f3 Barbar\u00e1val rendk\u00edv\u00fcl sikeres p\u00f3dium estj\u00fck, melynek c\u00edme \u201eEgy p\u00e1ratlan p\u00e1ros\u201d, \u00e9s az est val\u00f3ban p\u00e1ratlanul eleg\u00e1ns, magas zenei ig\u00e9ny\u0171, m\u00e9gis t\u00f6k\u00e9letesen sz\u00f3rakoztat\u00f3<\/span><\/p>\n<p><iframe loading=\"lazy\" width=\"800\" height=\"600\" src=\"https:\/\/www.youtube.com\/embed\/lJLqnLi--iE?feature=oembed\" frameborder=\"0\" allowfullscreen><\/iframe><\/p>\n","protected":false},"excerpt":{"rendered":"<p>&nbsp; Remek t\u00e1nc \u00e9s \u00e9nektud\u00e1s\u00fa sz\u00edn\u00e9szn\u0151. A kezdeti szubrett szerepekr\u0151l m\u00e1ra \u00e1tt\u00e9rt a primadonna szerepk\u00f6rre. F\u00e9rj\u00e9vel Vitray Tam\u00e1ssal \u00e9s l\u00e1ny\u00e1val Fony\u00f3 Barbar\u00e1val rendk\u00edv\u00fcl sikeres p\u00f3dium estj\u00fck, melynek c\u00edme \u201eEgy p\u00e1ratlan <a class=\"more-link\" href=\"http:\/\/www.szikorarendezoiroda.hu\/szikora\/operett\/kallay-bori\/\">A folytat&aacute;s olvas&aacute;sa &rarr;<\/a><\/p>\n","protected":false},"author":1,"featured_media":3059,"parent":29,"menu_order":0,"comment_status":"open","ping_status":"open","template":"","meta":{"footnotes":""},"aioseo_notices":[],"_links":{"self":[{"href":"http:\/\/www.szikorarendezoiroda.hu\/szikora\/wp-json\/wp\/v2\/pages\/1046"}],"collection":[{"href":"http:\/\/www.szikorarendezoiroda.hu\/szikora\/wp-json\/wp\/v2\/pages"}],"about":[{"href":"http:\/\/www.szikorarendezoiroda.hu\/szikora\/wp-json\/wp\/v2\/types\/page"}],"author":[{"embeddable":true,"href":"http:\/\/www.szikorarendezoiroda.hu\/szikora\/wp-json\/wp\/v2\/users\/1"}],"replies":[{"embeddable":true,"href":"http:\/\/www.szikorarendezoiroda.hu\/szikora\/wp-json\/wp\/v2\/comments?post=1046"}],"version-history":[{"count":5,"href":"http:\/\/www.szikorarendezoiroda.hu\/szikora\/wp-json\/wp\/v2\/pages\/1046\/revisions"}],"predecessor-version":[{"id":3058,"href":"http:\/\/www.szikorarendezoiroda.hu\/szikora\/wp-json\/wp\/v2\/pages\/1046\/revisions\/3058"}],"up":[{"embeddable":true,"href":"http:\/\/www.szikorarendezoiroda.hu\/szikora\/wp-json\/wp\/v2\/pages\/29"}],"wp:featuredmedia":[{"embeddable":true,"href":"http:\/\/www.szikorarendezoiroda.hu\/szikora\/wp-json\/wp\/v2\/media\/3059"}],"wp:attachment":[{"href":"http:\/\/www.szikorarendezoiroda.hu\/szikora\/wp-json\/wp\/v2\/media?parent=1046"}],"curies":[{"name":"wp","href":"https:\/\/api.w.org\/{rel}","templated":true}]}}