{"id":1025,"date":"2015-06-01T11:11:36","date_gmt":"2015-06-01T11:11:36","guid":{"rendered":"http:\/\/www.szikorarendezoiroda.hu\/szikora\/?page_id=1025"},"modified":"2018-08-05T05:42:31","modified_gmt":"2018-08-05T05:42:31","slug":"berkes-janos","status":"publish","type":"page","link":"http:\/\/www.szikorarendezoiroda.hu\/szikora\/operett\/berkes-janos\/","title":{"rendered":"BERKES J\u00c1NOS"},"content":{"rendered":"<p>&nbsp;<\/p>\n<p><span style=\"font-family: Georgia,Palatino; font-size: 12pt;\">A Magyar \u00c1llami Operah\u00e1z mag\u00e1n\u00e9nekese, tenorista. Fell\u00e9pett Eur\u00f3pa sz\u00e1mos operah\u00e1z\u00e1ban. F\u0151bb szerepei: Pillang\u00f3kisasszony-Pinkerton, Boh\u00e9m\u00e9let-Rodolf, de nagy sikerrel \u00e9nekelt \u201ebonviv\u00e1n\u201d szerepeket is. K\u00e1llay Borival ide\u00e1lis operettkett\u0151st alkotnak<\/span><\/p>\n<p><iframe loading=\"lazy\" width=\"800\" height=\"600\" src=\"https:\/\/www.youtube.com\/embed\/ez6as53fa3c?feature=oembed\" frameborder=\"0\" allow=\"autoplay; encrypted-media\" allowfullscreen><\/iframe><\/p>\n","protected":false},"excerpt":{"rendered":"<p>&nbsp; A Magyar \u00c1llami Operah\u00e1z mag\u00e1n\u00e9nekese, tenorista. Fell\u00e9pett Eur\u00f3pa sz\u00e1mos operah\u00e1z\u00e1ban. F\u0151bb szerepei: Pillang\u00f3kisasszony-Pinkerton, Boh\u00e9m\u00e9let-Rodolf, de nagy sikerrel \u00e9nekelt \u201ebonviv\u00e1n\u201d szerepeket is. K\u00e1llay Borival ide\u00e1lis operettkett\u0151st alkotnak<\/p>\n","protected":false},"author":1,"featured_media":3051,"parent":29,"menu_order":0,"comment_status":"open","ping_status":"open","template":"","meta":{"footnotes":""},"aioseo_notices":[],"_links":{"self":[{"href":"http:\/\/www.szikorarendezoiroda.hu\/szikora\/wp-json\/wp\/v2\/pages\/1025"}],"collection":[{"href":"http:\/\/www.szikorarendezoiroda.hu\/szikora\/wp-json\/wp\/v2\/pages"}],"about":[{"href":"http:\/\/www.szikorarendezoiroda.hu\/szikora\/wp-json\/wp\/v2\/types\/page"}],"author":[{"embeddable":true,"href":"http:\/\/www.szikorarendezoiroda.hu\/szikora\/wp-json\/wp\/v2\/users\/1"}],"replies":[{"embeddable":true,"href":"http:\/\/www.szikorarendezoiroda.hu\/szikora\/wp-json\/wp\/v2\/comments?post=1025"}],"version-history":[{"count":4,"href":"http:\/\/www.szikorarendezoiroda.hu\/szikora\/wp-json\/wp\/v2\/pages\/1025\/revisions"}],"predecessor-version":[{"id":3047,"href":"http:\/\/www.szikorarendezoiroda.hu\/szikora\/wp-json\/wp\/v2\/pages\/1025\/revisions\/3047"}],"up":[{"embeddable":true,"href":"http:\/\/www.szikorarendezoiroda.hu\/szikora\/wp-json\/wp\/v2\/pages\/29"}],"wp:featuredmedia":[{"embeddable":true,"href":"http:\/\/www.szikorarendezoiroda.hu\/szikora\/wp-json\/wp\/v2\/media\/3051"}],"wp:attachment":[{"href":"http:\/\/www.szikorarendezoiroda.hu\/szikora\/wp-json\/wp\/v2\/media?parent=1025"}],"curies":[{"name":"wp","href":"https:\/\/api.w.org\/{rel}","templated":true}]}}