{"id":1002,"date":"2015-06-01T10:07:03","date_gmt":"2015-06-01T10:07:03","guid":{"rendered":"http:\/\/www.szikorarendezoiroda.hu\/szikora\/?page_id=1002"},"modified":"2018-08-05T05:34:38","modified_gmt":"2018-08-05T05:34:38","slug":"sasvari-sandor","status":"publish","type":"page","link":"http:\/\/www.szikorarendezoiroda.hu\/szikora\/musical\/sasvari-sandor\/","title":{"rendered":"SASV\u00c1RI S\u00c1NDOR"},"content":{"rendered":"<p>&nbsp;<\/p>\n<p><span style=\"font-family: Georgia,Palatino; font-size: 12pt;\">82\u2019-ben az akkor indul\u00f3 Rock Sz\u00ednh\u00e1z t\u00e1rsulat\u00e1ban kezdte p\u00e1lyafut\u00e1s\u00e1t. 86\u2019-ban mutatt\u00e1k be a \u201eJ\u00e9zus Krisztus Szuperszt\u00e1rt\u201d, ahol \u201eJ\u00e9zust\u201d alak\u00edtotta, \u00e9s ez a szerep a mai napig az \u0151 nev\u00e9hez f\u0171z\u0151dik. J\u00e9zus szem\u00e9lye m\u00e9g k\u00e9t darabban elk\u00eds\u00e9rte \u0151t, egyik a \u201eM\u00e1ria Evang\u00e9liuma\u201d-beli \u201eJ\u00e9zus\u201d, a m\u00e1sik a \u201eSzt\u00e1rcsin\u00e1l\u00f3k\u201d \u201eKyprios J\u00e9zus\u201d-a. Kimagasl\u00f3 alak\u00edt\u00e1sa m\u00e9g a \u201eFantom\u201d \u00e9s a \u201eNyomorultak\u201d \u201eJean Valjean\u201d-ja. Nagyon szereti az \u00e1llatokat, k\u00fcl\u00f6n\u00f6sen a lovakat.<\/span><\/p>\n<p><iframe loading=\"lazy\" width=\"800\" height=\"600\" src=\"https:\/\/www.youtube.com\/embed\/e9o9wLbJ-tM?feature=oembed\" frameborder=\"0\" allowfullscreen><\/iframe><\/p>\n","protected":false},"excerpt":{"rendered":"<p>&nbsp; 82\u2019-ben az akkor indul\u00f3 Rock Sz\u00ednh\u00e1z t\u00e1rsulat\u00e1ban kezdte p\u00e1lyafut\u00e1s\u00e1t. 86\u2019-ban mutatt\u00e1k be a \u201eJ\u00e9zus Krisztus Szuperszt\u00e1rt\u201d, ahol \u201eJ\u00e9zust\u201d alak\u00edtotta, \u00e9s ez a szerep a mai napig az \u0151 nev\u00e9hez <a class=\"more-link\" href=\"http:\/\/www.szikorarendezoiroda.hu\/szikora\/musical\/sasvari-sandor\/\">A folytat&aacute;s olvas&aacute;sa &rarr;<\/a><\/p>\n","protected":false},"author":1,"featured_media":1003,"parent":26,"menu_order":0,"comment_status":"open","ping_status":"open","template":"","meta":{"footnotes":""},"aioseo_notices":[],"_links":{"self":[{"href":"http:\/\/www.szikorarendezoiroda.hu\/szikora\/wp-json\/wp\/v2\/pages\/1002"}],"collection":[{"href":"http:\/\/www.szikorarendezoiroda.hu\/szikora\/wp-json\/wp\/v2\/pages"}],"about":[{"href":"http:\/\/www.szikorarendezoiroda.hu\/szikora\/wp-json\/wp\/v2\/types\/page"}],"author":[{"embeddable":true,"href":"http:\/\/www.szikorarendezoiroda.hu\/szikora\/wp-json\/wp\/v2\/users\/1"}],"replies":[{"embeddable":true,"href":"http:\/\/www.szikorarendezoiroda.hu\/szikora\/wp-json\/wp\/v2\/comments?post=1002"}],"version-history":[{"count":3,"href":"http:\/\/www.szikorarendezoiroda.hu\/szikora\/wp-json\/wp\/v2\/pages\/1002\/revisions"}],"predecessor-version":[{"id":3037,"href":"http:\/\/www.szikorarendezoiroda.hu\/szikora\/wp-json\/wp\/v2\/pages\/1002\/revisions\/3037"}],"up":[{"embeddable":true,"href":"http:\/\/www.szikorarendezoiroda.hu\/szikora\/wp-json\/wp\/v2\/pages\/26"}],"wp:featuredmedia":[{"embeddable":true,"href":"http:\/\/www.szikorarendezoiroda.hu\/szikora\/wp-json\/wp\/v2\/media\/1003"}],"wp:attachment":[{"href":"http:\/\/www.szikorarendezoiroda.hu\/szikora\/wp-json\/wp\/v2\/media?parent=1002"}],"curies":[{"name":"wp","href":"https:\/\/api.w.org\/{rel}","templated":true}]}}